{"id":378,"date":"2021-07-01T00:07:54","date_gmt":"2021-06-30T22:07:54","guid":{"rendered":"https:\/\/www.praxis-mayrhofen.at\/impressum\/"},"modified":"2021-07-01T00:08:34","modified_gmt":"2021-06-30T22:08:34","slug":"impressum","status":"publish","type":"page","link":"https:\/\/www.praxis-mayrhofen.at\/en\/impressum\/","title":{"rendered":"Imprint"},"content":{"rendered":"\n\n[et_pb_section fb_built=&#8221;1&#8243; _builder_version=&#8221;4.9.7&#8243; _module_preset=&#8221;default&#8221;][et_pb_row _builder_version=&#8221;4.9.7&#8243; _module_preset=&#8221;default&#8221;][et_pb_column _builder_version=&#8221;4.9.7&#8243; _module_preset=&#8221;default&#8221; type=&#8221;4_4&#8243;][et_pb_post_title meta=&#8221;off&#8221; featured_image=&#8221;off&#8221; _builder_version=&#8221;4.9.7&#8243; _module_preset=&#8221;default&#8221; title_level=&#8221;h2&#8243; title_font=&#8221;|600||on|||||&#8221; title_text_color=&#8221;#496271&#8243; title_font_size=&#8221;15px&#8221; title_line_height=&#8221;1.2em&#8221; background_color=&#8221;#f1f5f7&#8243; custom_margin=&#8221;0px|0px|0px|0px|false|false&#8221; custom_padding=&#8221;10px|10px|0px|13px|false|false&#8221; border_radii=&#8221;on|4px|4px|4px|4px&#8221; border_width_all=&#8221;1px&#8221; border_color_all=&#8221;#c7dce4&#8243;][\/et_pb_post_title][\/et_pb_column][\/et_pb_row][et_pb_row _builder_version=&#8221;4.9.7&#8243; _module_preset=&#8221;default&#8221; column_structure=&#8221;1_2,1_2&#8243;][et_pb_column _builder_version=&#8221;4.9.7&#8243; _module_preset=&#8221;default&#8221; type=&#8221;1_2&#8243;][et_pb_text _builder_version=&#8221;4.9.7&#8243; _module_preset=&#8221;default&#8221; hover_enabled=&#8221;0&#8243; sticky_enabled=&#8221;0&#8243; custom_padding=&#8221;||||false|false&#8221;]<h2>IMPRINT<\/h2>\n<p><strong>Dienstanbieter und Medieninhaber:<\/strong><br><strong>Dr. med. univ. Wilfried Schneidinger<\/strong><\/p>\n<address>Hauptstra\u00dfe 435<br>6290 Mayrhofen<br>\u00d6sterreich<\/address>[\/et_pb_text][et_pb_text _builder_version=&#8221;4.9.7&#8243; _module_preset=&#8221;default&#8221; hover_enabled=&#8221;0&#8243; sticky_enabled=&#8221;0&#8243;]<p>Mitglied der \u00c4rztekammer Tirol<br>Berufsbezeichnung: Arzt f\u00fcr Allgemeinmedizin (verliehen in \u00d6sterreich)<br>Die T\u00e4tigkeit unterliegt dem \u00c4rztegesetz 1998<\/p>\n<p><span>Tel.<\/span>   <a href=\"tel:+43528563124\">+43 5285 631 24<\/a><br><span>Fax<\/span>+43 5285 631 24 40<br><span>Mobil<\/span><a href=\"tel:+436643837415\">+43 664 383 74 15<\/a><br><span>E-Mail:<\/span> <a href=\"mailto:dr.schneidinger.wilfried@hotmail.com\">dr.schneidinger.wilfried@hotmail.com<\/a><\/p>[\/et_pb_text][et_pb_text _builder_version=&#8221;4.9.7&#8243; _module_preset=&#8221;default&#8221; hover_enabled=&#8221;0&#8243; sticky_enabled=&#8221;0&#8243;]<h3>Bildmaterial Copyright<\/h3>\n<p>CICERO das WERBEhaus, Dr. Wilfried Schneidinger<\/p>[\/et_pb_text][et_pb_text _builder_version=&#8221;4.9.7&#8243; _module_preset=&#8221;default&#8221; hover_enabled=&#8221;0&#8243; sticky_enabled=&#8221;0&#8243;]<h3>Layout, Design &amp; Programmierung<\/h3>\n<p>CICERO das WERBEhaus<br>Laubichl 121<br>A-6290 Mayrhofen<br>T<span> <\/span><a href=\"tel:+43528563401\">+43 5285 63401<\/a><br>F +43 5285 63401 22<br>E-Mail:<span> <\/span><a href=\"mailto:info@cicero.at\">info@cicero.at<\/a><br>Web:<span> <\/span><a href=\"https:\/\/www.cicero.at\">www.cicero.at<\/a><\/p>[\/et_pb_text][et_pb_text _builder_version=&#8221;4.9.7&#8243; _module_preset=&#8221;default&#8221; hover_enabled=&#8221;0&#8243; sticky_enabled=&#8221;0&#8243;]<h3>Copyright<\/h3>\n<p>Die Inhalte dieser Website sind urheberrechtlich gesch\u00fctzt. Ihre Nutzung ist nur zum privaten Zweck zul\u00e4ssig. Nachdruck (auch auszugsweise), Vervielf\u00e4ltigung,Vorf\u00fchrung, Sendung, Vermietung, Duplikate und\/oder Leihe der Website oder einzelner Inhalte ist ohne Einwilligung des Herrausgebers untersagt. Alle Rechte bleiben vorbehalten. Die Firma CICERO Design &amp; Druck GmbH beh\u00e4lt sich das Recht vor, jederzeit und ohne vorherige Ank\u00fcndigung Verbesserungen und \u00c4nderungen an der Website oder einzelner Inhalte vorzunehmen.<\/p>[\/et_pb_text][\/et_pb_column][et_pb_column _builder_version=&#8221;4.9.7&#8243; _module_preset=&#8221;default&#8221; type=&#8221;1_2&#8243;][et_pb_text _builder_version=&#8221;4.9.7&#8243; _module_preset=&#8221;default&#8221; hover_enabled=&#8221;0&#8243; sticky_enabled=&#8221;0&#8243;]<h3>Hinweis zu Google Analytics<\/h3>\n<p>Diese Website benutzt Google Analytics, einen Webanalysedienst der Google Inc. (\u201eGoogle\u201c) Google Analytics verwendet sog. \u201eCookies\u201c, Textdateien, die auf Ihrem Computer gespeichert werden und die eine Analyse der Benutzung der Website durch Sie erm\u00f6glicht. Die durch den Cookie erzeugten Informationen \u00fcber Ihre Benutzung diese Website (einschlie\u00dflich Ihrer IP-Adresse) wird an einen Server von Google in den USA \u00fcbertragen und dort gespeichert. Google wird diese Informationen benutzen, um Ihre Nutzung der Website auszuwerten, um Reports \u00fcber die Websiteaktivit\u00e4ten f\u00fcr die Websitebetreiber zusammenzustellen und um weitere mit der Websitenutzung und der Internetnutzung verbundene Dienstleistungen zu erbringen. Auch wird Google diese Informationen gegebenenfalls an Dritte \u00fcbertragen, sofern dies gesetzlich vorgeschrieben oder soweit Dritte diese Daten im Auftrag von Google verarbeiten. Google wird in keinem Fall Ihre IP-Adresse mit anderen Daten der Google in Verbindung bringen. Sie k\u00f6nnen die Installation der Cookies durch eine entsprechende Einstellung Ihrer Browser Software verhindern; wir weisen Sie jedoch darauf hin, dass Sie in diesem Fall gegebenenfalls nicht s\u00e4mtliche Funktionen dieser Website voll umf\u00e4nglich nutzen k\u00f6nnen. Durch die Nutzung dieser Website erkl\u00e4ren Sie sich mit der Bearbeitung der \u00fcber Sie erhobenen Daten durch Google in der zuvor beschriebenen Art und Weise und zu dem zuvor benannten Zweck einverstanden.<\/p>[\/et_pb_text][et_pb_text _builder_version=&#8221;4.9.7&#8243; _module_preset=&#8221;default&#8221; hover_enabled=&#8221;0&#8243; sticky_enabled=&#8221;0&#8243;]<h3>Rechtsbelehrung<\/h3>\n<p>Das Verwenden oder die Vervielf\u00e4ltigung von Informationen und Daten z.B. (Zeichnungen, Bilder, Texte) bedarf einer ausdr\u00fccklichen vorherigen schriftlichen Genehmigung bzw. Zustimmung des Herausgebers. Die Informationen sowie Angaben auf unserer Webseite wurden sorgf\u00e4ltig gepr\u00fcft und recherchiert. Diese stellen allerdings nur einen Service dar und ersetzen nicht eine pers\u00f6nliche Beratung! F\u00fcr Aktualit\u00e4t, Richtigkeit und Vollst\u00e4ndigkeit \u00fcbernimmt der Herausgeber keinerlei Haftung. Im \u00dcbrigen ist die Haftung auf Vorsatz und grobe Fahrl\u00e4ssigkeit beschr\u00e4nkt. Das Recht, \u00c4nderungen und Erg\u00e4nzungen an den bereitgestellten Informationen vorzunehmen, beh\u00e4lt sich der Herausgeber ausdr\u00fccklich vor.<\/p>[\/et_pb_text][et_pb_text _builder_version=&#8221;4.9.7&#8243; _module_preset=&#8221;default&#8221; hover_enabled=&#8221;0&#8243; sticky_enabled=&#8221;0&#8243;]<h3>Haftungshinweis<\/h3>\n<p>Trotz sorgf\u00e4ltiger inhaltlicher Kontrolle \u00fcbernehmen wir keine Haftung f\u00fcr die Inhalte externer Links. F\u00fcr den Inhalt verlinkter Seiten sind ausschlie\u00dflich deren Betreiber verantwortlich.<\/p>[\/et_pb_text][\/et_pb_column][\/et_pb_row][\/et_pb_section]\n\n","protected":false},"excerpt":{"rendered":"<p>IMPRINT Dienstanbieter und Medieninhaber:Dr. med. univ. Wilfried Schneidinger Hauptstra\u00dfe 4356290 Mayrhofen\u00d6sterreichMitglied der \u00c4rztekammer TirolBerufsbezeichnung: Arzt f\u00fcr Allgemeinmedizin (verliehen in \u00d6sterreich)Die T\u00e4tigkeit unterliegt dem \u00c4rztegesetz 1998 Tel. +43 5285 631 24Fax+43 5285 631 24 40Mobil+43 664 383 74 15E-Mail: dr.schneidinger.wilfried@hotmail.comBildmaterial Copyright CICERO das WERBEhaus, Dr. Wilfried SchneidingerLayout, Design &amp; Programmierung CICERO das WERBEhausLaubichl 121A-6290 MayrhofenT +43 [&hellip;]<\/p>\n","protected":false},"author":1,"featured_media":0,"parent":0,"menu_order":70,"comment_status":"closed","ping_status":"closed","template":"","meta":{"_et_pb_use_builder":"on","_et_pb_old_content":"","_et_gb_content_width":"","footnotes":""},"class_list":["post-378","page","type-page","status-publish","hentry"],"_links":{"self":[{"href":"https:\/\/www.praxis-mayrhofen.at\/en\/wp-json\/wp\/v2\/pages\/378","targetHints":{"allow":["GET"]}}],"collection":[{"href":"https:\/\/www.praxis-mayrhofen.at\/en\/wp-json\/wp\/v2\/pages"}],"about":[{"href":"https:\/\/www.praxis-mayrhofen.at\/en\/wp-json\/wp\/v2\/types\/page"}],"author":[{"embeddable":true,"href":"https:\/\/www.praxis-mayrhofen.at\/en\/wp-json\/wp\/v2\/users\/1"}],"replies":[{"embeddable":true,"href":"https:\/\/www.praxis-mayrhofen.at\/en\/wp-json\/wp\/v2\/comments?post=378"}],"version-history":[{"count":3,"href":"https:\/\/www.praxis-mayrhofen.at\/en\/wp-json\/wp\/v2\/pages\/378\/revisions"}],"predecessor-version":[{"id":381,"href":"https:\/\/www.praxis-mayrhofen.at\/en\/wp-json\/wp\/v2\/pages\/378\/revisions\/381"}],"wp:attachment":[{"href":"https:\/\/www.praxis-mayrhofen.at\/en\/wp-json\/wp\/v2\/media?parent=378"}],"curies":[{"name":"wp","href":"https:\/\/api.w.org\/{rel}","templated":true}]}}